{"id":921,"date":"2025-09-25T12:28:02","date_gmt":"2025-09-25T17:28:02","guid":{"rendered":"https:\/\/jlmroyaltransport.com\/about\/"},"modified":"2025-09-28T20:48:53","modified_gmt":"2025-09-29T01:48:53","slug":"about","status":"publish","type":"page","link":"https:\/\/jlmroyaltransport.com\/en\/about\/","title":{"rendered":"About Us"},"content":{"rendered":"<div class=\"wp-block-uagb-container uagb-block-d813a79f alignfull uagb-is-root-container\"><div class=\"uagb-container-inner-blocks-wrap\">\n<div class=\"wp-block-uagb-info-box uagb-block-84311fa0 uagb-infobox__content-wrap  uagb-infobox-icon-above-title uagb-infobox-image-valign-top\"><div class=\"uagb-ifb-content\"><div class=\"uagb-ifb-title-wrap\"><h1 class=\"uagb-ifb-title\">Comfort combined in a tailor-made service<\/h1><\/div><\/div><\/div>\n<\/div><\/div>\n\n\n\n<div class=\"wp-block-uagb-container uagb-block-a75c50f7 alignfull uagb-is-root-container\"><div class=\"uagb-container-inner-blocks-wrap\">\n<div class=\"wp-block-uagb-advanced-heading uagb-block-35cbe83d\"><h2 class=\"uagb-heading-text\">A company built on experience and passion<\/h2><\/div>\n\n\n\n<div class=\"wp-block-uagb-container uagb-block-8c762ca8\">\n<div class=\"wp-block-uagb-advanced-heading uagb-block-fae4a919\"><h6 class=\"uagb-heading-text\">The founder of <strong>JLM Royal transport<\/strong>, started his career as an Uber driver in 2015<\/h6><p class=\"uagb-desc-text\">For over eight years, he has traveled the streets of Montreal, providing his customers with punctual, courteous, and safe service. This experience has allowed him to understand passenger expectations and develop an approach focused on comfort and satisfaction.<\/p><\/div>\n<\/div>\n<\/div><\/div>\n\n\n\n<div class=\"wp-block-uagb-container uagb-block-a0a206b6 alignfull uagb-is-root-container\"><div class=\"uagb-container-inner-blocks-wrap\">\n<div class=\"wp-block-uagb-image uagb-block-1e96be62 wp-block-uagb-image--layout-default wp-block-uagb-image--effect-static wp-block-uagb-image--align-none\"><figure class=\"wp-block-uagb-image__figure\"><img decoding=\"async\" srcset=\"https:\/\/jlmroyaltransport.com\/wp-content\/uploads\/2025\/09\/0_HOTEL-G-1024x683.jpg ,https:\/\/jlmroyaltransport.com\/wp-content\/uploads\/2025\/09\/0_HOTEL-G.jpg 780w, https:\/\/jlmroyaltransport.com\/wp-content\/uploads\/2025\/09\/0_HOTEL-G.jpg 360w\" sizes=\"auto, (max-width: 480px) 150px\" src=\"https:\/\/jlmroyaltransport.com\/wp-content\/uploads\/2025\/09\/0_HOTEL-G-1024x683.jpg\" alt=\"0 HOTEL G 1024x683\" class=\"uag-image-1778\" width=\"885\" height=\"1024\" title=\"0 hotel g\" loading=\"lazy\" role=\"img\"><\/figure><\/div>\n\n\n\n<div class=\"wp-block-uagb-container uagb-block-6c8eced5\">\n<div class=\"wp-block-uagb-advanced-heading uagb-block-682bd229\"><h2 class=\"uagb-heading-text\">In 2023, he decided to create his own company to offer a private transport service that combines <strong>flexibilit\u00e9, \u00e9l\u00e9gance et fiabilit\u00e9<\/strong>.<\/h2><p class=\"uagb-desc-text\">Over the years, he has also evolved in the sector of <strong>limousine<\/strong>, where elegance and comfort are at the heart of every service. Weddings, corporate events, airport transfers or private parties: he has been able to meet the most demanding expectations with discretion and professionalism.<\/p><\/div>\n<\/div>\n<\/div><\/div>\n\n\n\n<div class=\"wp-block-uagb-container uagb-block-e336c9bd alignfull uagb-is-root-container\"><div class=\"uagb-container-inner-blocks-wrap\">\n<div class=\"wp-block-uagb-info-box uagb-block-cf065285 uagb-infobox__content-wrap  uagb-infobox-icon-above-title uagb-infobox-image-valign-top\"><div class=\"uagb-ifb-content\"><div class=\"uagb-ifb-title-wrap\"><\/div><p class=\"uagb-ifb-desc\">Today, <strong>JLM Royal Transport<\/strong> offers a full range of private transportation services, combining the flexibility of an Uber driver with the exclusivity of a limousine service. Whether you're an individual or a business, we strive to ensure every journey is a seamless, enjoyable, and memorable experience.<\/p><\/div><\/div>\n\n\n\n<div class=\"wp-block-uagb-info-box uagb-block-59769b6d uagb-infobox__content-wrap  uagb-infobox-icon-above-title uagb-infobox-image-valign-top\"><div class=\"uagb-ifb-content\"><div class=\"uagb-ifb-title-wrap\"><\/div><p class=\"uagb-ifb-desc\">This experience has allowed him to develop in-depth knowledge of the field, mastery of optimized routes, and above all, an ability to offer a personalized, punctual and safe service.<\/p><\/div><\/div>\n\n\n\n<div class=\"wp-block-uagb-info-box uagb-block-9cd47da6 uagb-infobox__content-wrap  uagb-infobox-icon-above-title uagb-infobox-image-valign-top\"><div class=\"uagb-ifb-content\"><div class=\"uagb-ifb-title-wrap\"><\/div><p class=\"uagb-ifb-desc\">Our high-end limousine services are aimed at a demanding clientele seeking absolute comfort, discretion, and tailor-made services.<\/p><\/div><\/div>\n<\/div><\/div>\n\n\n\n<div class=\"wp-block-uagb-container uagb-block-b767d140 alignfull uagb-is-root-container\"><div class=\"uagb-container-inner-blocks-wrap\">\n<div class=\"wp-block-uagb-container uagb-block-1fe57a7f\">\n<div class=\"wp-block-uagb-advanced-heading uagb-block-c5d8a65b\"><h2 class=\"uagb-heading-text\">Why choose JLM Royal Transport?<\/h2><p class=\"uagb-desc-text\">\u2705 <strong>Expertise since 2015<\/strong> in private transportation and luxury limousine<br>\u2705 <strong>Bilingual service<\/strong> (French \/ English) for local and international customers<br>\u2705 <strong>Quick and easy booking<\/strong> online or by phone<br>\u2705 <strong>Complete schedule flexibility<\/strong>, even at the last minute<br>\u2705 <strong>Transparent and competitive rates<\/strong>, personalized quote available<\/p><\/div>\n\n\n\n<div class=\"wp-block-buttons is-layout-flex wp-block-buttons-is-layout-flex\">\n<div class=\"wp-block-button is-style-outline is-style-outline--1\"><a class=\"wp-block-button__link has-ast-global-color-0-background-color has-background wp-element-button\" href=\"https:\/\/jlmroyaltransport.com\/en\/page-de-reservation\/\">Book now<\/a><\/div>\n<\/div>\n<\/div>\n\n\n\n<div class=\"wp-block-uagb-image uagb-block-9f972858 wp-block-uagb-image--layout-default wp-block-uagb-image--effect-static wp-block-uagb-image--align-none\"><figure class=\"wp-block-uagb-image__figure\"><img decoding=\"async\" srcset=\"https:\/\/jlmroyaltransport.com\/wp-content\/uploads\/2025\/09\/Limousine_Montreal_Affaires-1024x768.jpg ,https:\/\/jlmroyaltransport.com\/wp-content\/uploads\/2025\/09\/Limousine_Montreal_Affaires.jpg 780w, https:\/\/jlmroyaltransport.com\/wp-content\/uploads\/2025\/09\/Limousine_Montreal_Affaires.jpg 360w\" sizes=\"auto, (max-width: 480px) 150px\" src=\"https:\/\/jlmroyaltransport.com\/wp-content\/uploads\/2025\/09\/Limousine_Montreal_Affaires-1024x768.jpg\" alt=\"limousine montreal affaires\" class=\"uag-image-1519\" width=\"885\" height=\"1024\" title=\"limousine montreal affaires\" loading=\"lazy\" role=\"img\"\/><\/figure><\/div>\n<\/div><\/div>","protected":false},"excerpt":{"rendered":"<p>Une entreprise fond\u00e9e sur l\u2019exp\u00e9rience et la passion Le fondateur de JLM Royal transport, a commenc\u00e9 sa carri\u00e8re comme chauffeur [&hellip;]<\/p>\n","protected":false},"author":1,"featured_media":0,"parent":0,"menu_order":0,"comment_status":"closed","ping_status":"closed","template":"","meta":{"_uag_custom_page_level_css":"","site-sidebar-layout":"no-sidebar","site-content-layout":"","ast-site-content-layout":"full-width-container","site-content-style":"unboxed","site-sidebar-style":"default","ast-global-header-display":"","ast-banner-title-visibility":"","ast-main-header-display":"","ast-hfb-above-header-display":"","ast-hfb-below-header-display":"","ast-hfb-mobile-header-display":"","site-post-title":"disabled","ast-breadcrumbs-content":"","ast-featured-img":"","footer-sml-layout":"","ast-disable-related-posts":"","theme-transparent-header-meta":"","adv-header-id-meta":"","stick-header-meta":"","header-above-stick-meta":"","header-main-stick-meta":"","header-below-stick-meta":"","astra-migrate-meta-layouts":"default","ast-page-background-enabled":"default","ast-page-background-meta":{"desktop":{"background-color":"var(--ast-global-color-4)","background-image":"","background-repeat":"repeat","background-position":"center center","background-size":"auto","background-attachment":"scroll","background-type":"","background-media":"","overlay-type":"","overlay-color":"","overlay-opacity":"","overlay-gradient":""},"tablet":{"background-color":"","background-image":"","background-repeat":"repeat","background-position":"center center","background-size":"auto","background-attachment":"scroll","background-type":"","background-media":"","overlay-type":"","overlay-color":"","overlay-opacity":"","overlay-gradient":""},"mobile":{"background-color":"","background-image":"","background-repeat":"repeat","background-position":"center center","background-size":"auto","background-attachment":"scroll","background-type":"","background-media":"","overlay-type":"","overlay-color":"","overlay-opacity":"","overlay-gradient":""}},"ast-content-background-meta":{"desktop":{"background-color":"var(--ast-global-color-5)","background-image":"","background-repeat":"repeat","background-position":"center center","background-size":"auto","background-attachment":"scroll","background-type":"","background-media":"","overlay-type":"","overlay-color":"","overlay-opacity":"","overlay-gradient":""},"tablet":{"background-color":"var(--ast-global-color-5)","background-image":"","background-repeat":"repeat","background-position":"center center","background-size":"auto","background-attachment":"scroll","background-type":"","background-media":"","overlay-type":"","overlay-color":"","overlay-opacity":"","overlay-gradient":""},"mobile":{"background-color":"var(--ast-global-color-5)","background-image":"","background-repeat":"repeat","background-position":"center center","background-size":"auto","background-attachment":"scroll","background-type":"","background-media":"","overlay-type":"","overlay-color":"","overlay-opacity":"","overlay-gradient":""}},"footnotes":""},"class_list":["post-921","page","type-page","status-publish","hentry"],"_hostinger_reach_plugin_has_subscription_block":false,"_hostinger_reach_plugin_is_elementor":false,"uagb_featured_image_src":{"full":false,"thumbnail":false,"medium":false,"medium_large":false,"large":false,"1536x1536":false,"2048x2048":false,"trp-custom-language-flag":false,"woocommerce_thumbnail":false,"woocommerce_single":false,"woocommerce_gallery_thumbnail":false},"uagb_author_info":{"display_name":"jlmroyaltransport","author_link":"https:\/\/jlmroyaltransport.com\/en\/author\/jlmroyaltransport\/"},"uagb_comment_info":0,"uagb_excerpt":"Une entreprise fond\u00e9e sur l\u2019exp\u00e9rience et la passion Le fondateur de JLM Royal transport, a commenc\u00e9 sa carri\u00e8re comme chauffeur [&hellip;]","_links":{"self":[{"href":"https:\/\/jlmroyaltransport.com\/en\/wp-json\/wp\/v2\/pages\/921","targetHints":{"allow":["GET"]}}],"collection":[{"href":"https:\/\/jlmroyaltransport.com\/en\/wp-json\/wp\/v2\/pages"}],"about":[{"href":"https:\/\/jlmroyaltransport.com\/en\/wp-json\/wp\/v2\/types\/page"}],"author":[{"embeddable":true,"href":"https:\/\/jlmroyaltransport.com\/en\/wp-json\/wp\/v2\/users\/1"}],"replies":[{"embeddable":true,"href":"https:\/\/jlmroyaltransport.com\/en\/wp-json\/wp\/v2\/comments?post=921"}],"version-history":[{"count":6,"href":"https:\/\/jlmroyaltransport.com\/en\/wp-json\/wp\/v2\/pages\/921\/revisions"}],"predecessor-version":[{"id":2689,"href":"https:\/\/jlmroyaltransport.com\/en\/wp-json\/wp\/v2\/pages\/921\/revisions\/2689"}],"wp:attachment":[{"href":"https:\/\/jlmroyaltransport.com\/en\/wp-json\/wp\/v2\/media?parent=921"}],"curies":[{"name":"wp","href":"https:\/\/api.w.org\/{rel}","templated":true}]}}